{"id":5876,"date":"2005-09-05T12:07:50","date_gmt":"2005-09-05T03:07:50","guid":{"rendered":"https:\/\/micronix-jp.com\/english\/?post_type=product&#038;p=5876"},"modified":"2025-09-19T10:48:01","modified_gmt":"2025-09-19T01:48:01","slug":"electromagnetic-anechoic-box-shield-box-large-size-my5410","status":"publish","type":"product","link":"https:\/\/micronix-jp.com\/english\/products\/shield-box\/large-size-type\/my5410.html","title":{"rendered":"Electromagnetic Anechoic Box \/Shield Box Large Size MY5410"},"content":{"rendered":"<div class=\"wp-block-vk-blocks-button vk_button vk_button-color-custom vk_button-align-block\"><a href=\"\/eng\/file-download\/catalog\/MY5310_5410eng.pdf\" class=\"vk_button_link btn has-background has-vk-color-primary-background-color btn-lg btn-block\" role=\"button\" aria-pressed=\"true\" target=\"_blank\" rel=\"noopener\"><div class=\"vk_button_link_caption\"><i class=\"fas fa-file-pdf vk_button_link_before\" aria-hidden=\"true\"><\/i><span class=\"vk_button_link_txt\">Download catalog<\/span><\/div><\/a><\/div><div class=\"wp-block-vk-blocks-table-of-contents-new vk_tableOfContents vk_tableOfContents-style-default tabs\"><div class=\"tab\"><div class=\"vk_tableOfContents_title\">\u76ee\u6b21<\/div><input type=\"checkbox\" id=\"chck1\"\/><label class=\"tab-label vk_tableOfContents_openCloseBtn button_status button_status-close\" for=\"chck1\" id=\"vk-tab-label\">OPEN<\/label><ul class=\"vk_tableOfContents_list tab_content-close\">\n\t\t\t\t<li class=\"vk_tableOfContents_list_item vk_tableOfContents_list_item-h-2\">\n\t\t\t\t\t<a href=\"#vk-htags-b4f53d1c-367b-40e6-ac43-d11ef4f28ef8\" class=\"vk_tableOfContents_list_item_link\">\n\t\t\t\t\t\t<span class=\"vk_tableOfContents_list_item_link_preNumber\">1. <\/span>\n\t\t\t\t\t\tSpecification\n\t\t\t\t\t<\/a>\n\t\t\t\t<\/li>\n\t\t\t\n\t\t\t\t<li class=\"vk_tableOfContents_list_item vk_tableOfContents_list_item-h-2\">\n\t\t\t\t\t<a href=\"#vk-htags-44d2c589-a5f8-4ec5-958c-1113d8a3c82e\" class=\"vk_tableOfContents_list_item_link\">\n\t\t\t\t\t\t<span class=\"vk_tableOfContents_list_item_link_preNumber\">2. <\/span>\n\t\t\t\t\t\tRadio wave absorber Ferrite\n\t\t\t\t\t<\/a>\n\t\t\t\t<\/li>\n\t\t\t\n\t\t\t\t<li class=\"vk_tableOfContents_list_item vk_tableOfContents_list_item-h-2\">\n\t\t\t\t\t<a href=\"#vk-htags-44eac287-22b4-44e0-a512-c5559defd398\" class=\"vk_tableOfContents_list_item_link\">\n\t\t\t\t\t\t<span class=\"vk_tableOfContents_list_item_link_preNumber\">3. <\/span>\n\t\t\t\t\t\tOption\n\t\t\t\t\t<\/a>\n\t\t\t\t<\/li>\n\t\t\t\n\t\t\t\t<li class=\"vk_tableOfContents_list_item vk_tableOfContents_list_item-h-2\">\n\t\t\t\t\t<a href=\"#vk-htags-3713234f-4440-446f-9abf-dd01d68211bb\" class=\"vk_tableOfContents_list_item_link\">\n\t\t\t\t\t\t<span class=\"vk_tableOfContents_list_item_link_preNumber\">4. <\/span>\n\t\t\t\t\t\tLibrary\n\t\t\t\t\t<\/a>\n\t\t\t\t<\/li>\n\t\t\t\n\t\t\t\t<li class=\"vk_tableOfContents_list_item vk_tableOfContents_list_item-h-3\">\n\t\t\t\t\t<a href=\"#vk-htags-0c3a007e-26c7-426c-be8b-b2cae07f432f\" class=\"vk_tableOfContents_list_item_link\">\n\t\t\t\t\t\t<span class=\"vk_tableOfContents_list_item_link_preNumber\">4.1. <\/span>\n\t\t\t\t\t\tProducts Catalog\n\t\t\t\t\t<\/a>\n\t\t\t\t<\/li>\n\t\t\t<\/ul><\/div><\/div><h2 class=\"wp-block-heading\" id=\"vk-htags-b4f53d1c-367b-40e6-ac43-d11ef4f28ef8\">Specification<\/h2><figure class=\"wp-block-flexible-table-block-table\"><table class=\"\"><tbody><tr><th style=\"width:25%\">Outside Dimensions (approx.)<\/th><td>2364(W)\u00d71902(H)\u00d71424(D)mm (excluding projections)<\/td><\/tr><tr><th style=\"width:25%\">Inside Dimensions (approx.)<\/th><td>2215(W)\u00d71485(H)\u00d71275(D)mm<\/td><\/tr><tr><th style=\"width:25%\">Door opening dimensions (approx.)<\/th><td>940(W)\u00d71440(H)mm<\/td><\/tr><tr><th style=\"width:25%\">Weight (approx.)<\/th><td>1020kg<\/td><\/tr><tr><th style=\"width:25%\">Turntable dimensions<\/th><td>756mm in diameter<\/td><\/tr><tr><th style=\"width:25%\">Turntable load capacity<\/th><td>100kg in load<\/td><\/tr><tr><th style=\"width:25%\">Connectors<\/th><td>N(J)\u00d72(Left side bottom)<br>N(J)\u00d71(Front right bottom for antenna)<\/td><\/tr><tr><th style=\"width:25%\">I\/F<\/th><td>D-sub25pins\u00d71(female)<br>LAN\u00d71<br>AC\u00d71(250Vmax\/10A)<br>\uff0aWhen electric-powered turntable is attached, AC100V<\/td><\/tr><tr><th style=\"width:25%\">Shielding Characteristics (typ)<\/th><td>65dB typ@2.2GHz<\/td><\/tr><tr><th style=\"width:25%\">Radio wave absorber<\/th><td>single-layer ferrite tile<\/td><\/tr><tr><th style=\"width:25%\">Reflection Loss<\/th><td>more than 20dB@35MHz to 2GHz<\/td><\/tr><\/tbody><\/table><\/figure><h2 class=\"wp-block-heading vk_block-margin-lg--margin-top\" id=\"vk-htags-44d2c589-a5f8-4ec5-958c-1113d8a3c82e\">Radio wave absorber Ferrite<\/h2><div class=\"wp-block-vk-blocks-select-post-list vk_posts vk_posts-postType-post vk_posts-layout-card-noborder vk_postList\"><div id=\"post-9820\" class=\"vk_post vk_post-postType-product card card-noborder vk_post-col-xs-12 vk_post-col-sm-6 vk_post-col-md-3 vk_post-col-lg-3 vk_post-col-xl-3 vk_post-col-xxl-3 post-5876 product type-product status-publish has-post-thumbnail product_cat-shop-category-shield-box product_cat-shop-ferritic-absorber product_cat-shop-flat-tile-type product_cat-shop-category-large-size-type product_tag-tag-electromagnetic-anechoic-box-shield-box first instock shipping-taxable product-type-simple\"><div class=\"vk_post_imgOuter\" style=\"background-image:url(https:\/\/micronix-jp.com\/english\/wp-content\/uploads\/sites\/2\/2024\/02\/ferrite03_620x620.png)\"><a href=\"https:\/\/micronix-jp.com\/english\/products\/shield-box\/option\/ferrite03.html\"><img loading=\"lazy\" decoding=\"async\" width=\"300\" height=\"300\" src=\"https:\/\/micronix-jp.com\/english\/wp-content\/uploads\/sites\/2\/2024\/02\/ferrite03_620x620-300x300.png\" class=\"vk_post_imgOuter_img card-img-top wp-post-image\" alt=\"\" srcset=\"https:\/\/micronix-jp.com\/english\/wp-content\/uploads\/sites\/2\/2024\/02\/ferrite03_620x620-300x300.png 300w, https:\/\/micronix-jp.com\/english\/wp-content\/uploads\/sites\/2\/2024\/02\/ferrite03_620x620-150x150.png 150w, https:\/\/micronix-jp.com\/english\/wp-content\/uploads\/sites\/2\/2024\/02\/ferrite03_620x620-600x600.png 600w, https:\/\/micronix-jp.com\/english\/wp-content\/uploads\/sites\/2\/2024\/02\/ferrite03_620x620-100x100.png 100w, https:\/\/micronix-jp.com\/english\/wp-content\/uploads\/sites\/2\/2024\/02\/ferrite03_620x620.png 620w\" sizes=\"auto, (max-width: 300px) 100vw, 300px\" \/><\/a><\/div><!-- [ \/.vk_post_imgOuter ] --><div class=\"vk_post_body card-body\"><h5 class=\"vk_post_title card-title\"><a href=\"https:\/\/micronix-jp.com\/english\/products\/shield-box\/option\/ferrite03.html\">Radio wave absorber Ferrite\u2462<\/a><\/h5><p class=\"vk_post_excerpt card-text\">Reflection Loss:more than 20dB\uff2030MHz to 400MHz, more than 12dB\uff20400MHz to 1GHz<\/p><\/div><!-- [ \/.card-body ] --><\/div><!-- [ \/.card ] --><\/div><h2 class=\"wp-block-heading vk_block-margin-lg--margin-top\" id=\"vk-htags-44eac287-22b4-44e0-a512-c5559defd398\">Option<\/h2><div class=\"wp-block-vk-blocks-select-post-list vk_posts vk_posts-postType-post vk_posts-layout-card-noborder vk_postList\"><div id=\"post-5936\" class=\"vk_post vk_post-postType-product card card-noborder vk_post-col-xs-12 vk_post-col-sm-6 vk_post-col-md-3 vk_post-col-lg-3 vk_post-col-xl-3 vk_post-col-xxl-3 post-5876 product type-product status-publish has-post-thumbnail product_cat-shop-category-shield-box product_cat-shop-ferritic-absorber product_cat-shop-flat-tile-type product_cat-shop-category-large-size-type product_tag-tag-electromagnetic-anechoic-box-shield-box  instock shipping-taxable product-type-simple\"><div class=\"vk_post_imgOuter\" style=\"background-image:url(https:\/\/micronix-jp.com\/english\/wp-content\/uploads\/sites\/2\/2023\/03\/MAN150_620x620.png)\"><a href=\"https:\/\/micronix-jp.com\/english\/products\/test-accessories\/man150.html\"><img loading=\"lazy\" decoding=\"async\" width=\"300\" height=\"300\" src=\"https:\/\/micronix-jp.com\/english\/wp-content\/uploads\/sites\/2\/2023\/03\/MAN150_620x620-300x300.png\" class=\"vk_post_imgOuter_img card-img-top wp-post-image\" alt=\"\" srcset=\"https:\/\/micronix-jp.com\/english\/wp-content\/uploads\/sites\/2\/2023\/03\/MAN150_620x620-300x300.png 300w, https:\/\/micronix-jp.com\/english\/wp-content\/uploads\/sites\/2\/2023\/03\/MAN150_620x620-150x150.png 150w, https:\/\/micronix-jp.com\/english\/wp-content\/uploads\/sites\/2\/2023\/03\/MAN150_620x620-600x600.png 600w, https:\/\/micronix-jp.com\/english\/wp-content\/uploads\/sites\/2\/2023\/03\/MAN150_620x620-100x100.png 100w, https:\/\/micronix-jp.com\/english\/wp-content\/uploads\/sites\/2\/2023\/03\/MAN150_620x620.png 620w\" sizes=\"auto, (max-width: 300px) 100vw, 300px\" \/><\/a><\/div><!-- [ \/.vk_post_imgOuter ] --><div class=\"vk_post_body card-body\"><h5 class=\"vk_post_title card-title\"><a href=\"https:\/\/micronix-jp.com\/english\/products\/test-accessories\/man150.html\">Biconical Antenna MAN150\/MAN150B<\/a><\/h5><p class=\"vk_post_excerpt card-text\">Suitable for simplified measurement of radiated emissions.<\/p><\/div><!-- [ \/.card-body ] --><\/div><!-- [ \/.card ] -->\n\n<div id=\"post-5916\" class=\"vk_post vk_post-postType-product card card-noborder vk_post-col-xs-12 vk_post-col-sm-6 vk_post-col-md-3 vk_post-col-lg-3 vk_post-col-xl-3 vk_post-col-xxl-3 post-5876 product type-product status-publish has-post-thumbnail product_cat-shop-category-shield-box product_cat-shop-ferritic-absorber product_cat-shop-flat-tile-type product_cat-shop-category-large-size-type product_tag-tag-electromagnetic-anechoic-box-shield-box  instock shipping-taxable product-type-simple\"><div class=\"vk_post_imgOuter\" style=\"background-image:url(https:\/\/micronix-jp.com\/english\/wp-content\/uploads\/sites\/2\/2023\/03\/MT106_620x620.png)\"><a href=\"https:\/\/micronix-jp.com\/english\/products\/shield-box\/option\/mt106.html\"><img loading=\"lazy\" decoding=\"async\" width=\"300\" height=\"300\" src=\"https:\/\/micronix-jp.com\/english\/wp-content\/uploads\/sites\/2\/2023\/03\/MT106_620x620-300x300.png\" class=\"vk_post_imgOuter_img card-img-top wp-post-image\" alt=\"\" srcset=\"https:\/\/micronix-jp.com\/english\/wp-content\/uploads\/sites\/2\/2023\/03\/MT106_620x620-300x300.png 300w, https:\/\/micronix-jp.com\/english\/wp-content\/uploads\/sites\/2\/2023\/03\/MT106_620x620-150x150.png 150w, https:\/\/micronix-jp.com\/english\/wp-content\/uploads\/sites\/2\/2023\/03\/MT106_620x620-100x100.png 100w, https:\/\/micronix-jp.com\/english\/wp-content\/uploads\/sites\/2\/2023\/03\/MT106_620x620.png 620w\" sizes=\"auto, (max-width: 300px) 100vw, 300px\" \/><\/a><\/div><!-- [ \/.vk_post_imgOuter ] --><div class=\"vk_post_body card-body\"><h5 class=\"vk_post_title card-title\"><a href=\"https:\/\/micronix-jp.com\/english\/products\/shield-box\/option\/mt106.html\">Electric Turn table (Factory option) MT106<\/a><\/h5><p class=\"vk_post_excerpt card-text\">Electric turntable for for MY5310, 5310S, 5310SU, 5410<\/p><\/div><!-- [ \/.card-body ] --><\/div><!-- [ \/.card ] --><\/div><h2 class=\"wp-block-heading vk_block-margin-lg--margin-top\" id=\"vk-htags-3713234f-4440-446f-9abf-dd01d68211bb\">Library<\/h2><h3 class=\"wp-block-heading vk_block-margin-md--margin-top\" id=\"vk-htags-0c3a007e-26c7-426c-be8b-b2cae07f432f\">Products Catalog<\/h3><div class=\"wp-block-vk-blocks-grid-column vk_gridColumn\"><div class=\"row\"><div class=\"wp-block-vk-blocks-grid-column-item vk_gridColumn_item col-12 col-sm-6 col-md-3 col-lg-3 col-xl-3 col-xxl-3\"><figure class=\"wp-block-image aligncenter size-full is-style-vk-image-border\"><a href=\"\/eng\/file-download\/catalog\/MY5310_5410eng.pdf\" target=\"_blank\" rel=\"noreferrer noopener\"><img loading=\"lazy\" decoding=\"async\" width=\"212\" height=\"300\" src=\"https:\/\/micronix-jp.com\/english\/wp-content\/uploads\/sites\/2\/2024\/04\/MY5310_5410_eng-pdf_212x300.jpg\" alt=\"\" class=\"wp-image-9943\"\/><\/a><figcaption class=\"wp-element-caption\">MY5310\/5410<\/figcaption><\/figure><\/div>\n\n<div class=\"wp-block-vk-blocks-grid-column-item vk_gridColumn_item col-12 col-sm-6 col-md-3 col-lg-3 col-xl-3 col-xxl-3\"><figure class=\"wp-block-image aligncenter size-full is-style-vk-image-border\"><a href=\"\/eng\/file-download\/catalog\/DIGEST_eng.pdf\" target=\"_blank\" rel=\"noreferrer noopener\"><img loading=\"lazy\" decoding=\"async\" width=\"212\" height=\"300\" src=\"https:\/\/micronix-jp.com\/english\/wp-content\/uploads\/sites\/2\/2024\/03\/DIGEST_eng-pdf_212x300.jpg\" alt=\"\" class=\"wp-image-9856\"\/><\/a><figcaption class=\"wp-element-caption\">MICRONIX Products DIGEST catalog<\/figcaption><\/figure><\/div>\n\n<div class=\"wp-block-vk-blocks-grid-column-item vk_gridColumn_item col-12 col-sm-6 col-md-3 col-lg-3 col-xl-3 col-xxl-3\"><figure class=\"wp-block-image aligncenter size-full is-style-vk-image-border\"><a href=\"\/eng\/file-download\/catalog\/shield-box-catalog_eng.pdf\" target=\"_blank\" rel=\"noreferrer noopener\"><img loading=\"lazy\" decoding=\"async\" width=\"212\" height=\"300\" src=\"https:\/\/micronix-jp.com\/english\/wp-content\/uploads\/sites\/2\/2024\/04\/shield-box-catalog_eng-pdf_212x300.jpg\" alt=\"\" class=\"wp-image-9880\"\/><\/a><figcaption class=\"wp-element-caption\">Electromagnetic anechoic box and Shield box General catalog<\/figcaption><\/figure><\/div><\/div><\/div><div class=\"wp-block-group is-layout-constrained wp-block-group-is-layout-constrained\"><div class=\"wp-block-columns is-layout-flex wp-container-core-columns-is-layout-28f84493 wp-block-columns-is-layout-flex\"><div class=\"wp-block-column is-layout-flow wp-block-column-is-layout-flow\" style=\"flex-basis:100%\"><div class=\"wp-block-vk-blocks-balloon vk_balloon vk_balloon-position-left vk_balloon-type-speech vk_balloon-animation-none\"><div class=\"vk_balloon_icon\"><figure><img decoding=\"async\" class=\"vk_balloon_icon_image vk_balloon_icon_image-type-normal \" src=\"https:\/\/micronix-jp.com\/english\/wp-content\/uploads\/sites\/2\/2023\/03\/select_shield-box_all_eng_294x283.jpg\" alt=\"\"\/><figcaption class=\"vk_balloon_icon_name\"><\/figcaption><\/figure><\/div><div class=\"vk_balloon_content_outer\"><div class=\"vk_balloon_content   vk_balloon_content_fullwidth\"><span class=\"vk_balloon_content_before \"><\/span><span class=\"vk_balloon_content_after \"><\/span><h2 class=\"is-style-vk-heading-double_bottomborder_black wp-block-heading\">Selection Guide<\/h2>\n\n<p style=\"padding-top:0;padding-bottom:var(--wp--preset--spacing--50)\">At MICRONIX, we have prepared many electromagnetic interference (EMI) shielding boxes. If you are having trouble choosing a product, please take a look at our product comparison table.<\/p>\n\n<div class=\"wp-block-vk-blocks-button vk_button vk_button-color-custom vk_button-align-block\"><a href=\"https:\/\/micronix-jp.com\/english\/products\/shield-box\/select_shield-box_all_eng.html\" class=\"vk_button_link btn has-background has-vk-color-primary-background-color btn-md btn-block\" role=\"button\" aria-pressed=\"true\" target=\"_blank\" rel=\"noopener\"><div class=\"vk_button_link_caption\"><span class=\"vk_button_link_txt\">Product Comparison Table<\/span><\/div><\/a><\/div><\/div><\/div><\/div><\/div><\/div><\/div><div class=\"wp-block-cover is-light vk_block-margin-xl--margin-top\"><span aria-hidden=\"true\" class=\"wp-block-cover__background has-white-background-color has-background-dim\"><\/span><img class=\"wp-block-cover__image-background wp-image-8105\" alt=\"\" src=\"https:\/\/micronix-jp.com\/wp-content\/uploads\/2022\/11\/contact_cta_cover.png\" data-object-fit=\"cover\"\/><div class=\"wp-block-cover__inner-container is-layout-flow wp-block-cover-is-layout-flow\"><p class=\"has-text-align-center has-huge-font-size\"><strong>Please feel free to contact us.<\/strong><\/p>\n\n<p>If you want to verify 5G, customize a radio wave shield box, or need product repair, please do not hesitate to contact us about any small matter.<\/p>\n\n<div class=\"wp-block-vk-blocks-grid-column vk_gridColumn\"><div class=\"row\"><div class=\"wp-block-vk-blocks-grid-column-item vk_gridColumn_item col-12 col-sm-12 col-md-12 col-lg-12 col-xl-12 col-xxl-12\"><div class=\"wp-block-vk-blocks-button vk_button vk_button-color-custom vk_button-align-block is-style-shine\"><a href=\"https:\/\/micronix-jp.com\/english\/contact\/\" class=\"vk_button_link btn has-background has-luminous-vivid-orange-background-color btn-lg btn-block\" role=\"button\" aria-pressed=\"true\" target=\"_blank\" rel=\"noopener\"><div class=\"vk_button_link_caption\"><i class=\"far fa-envelope vk_button_link_before\" aria-hidden=\"true\"><\/i><span class=\"vk_button_link_txt\"><strong>Contact Form<\/strong><\/span><\/div><\/a><\/div><\/div><\/div><\/div><\/div><\/div>","protected":false},"excerpt":{"rendered":"<p>The most suitable anechoic box for EMI test. For large EUT and equipped with a turntable of 756mm in diameter \/ 100kg in load.<\/p>\n","protected":false},"featured_media":5946,"template":"","meta":{"sns_share_botton_hide":"","vkExUnit_sns_title":"","_vk_print_noindex":"","sitemap_hide":"","_veu_custom_css":"","veu_display_promotion_alert":"common","vkexunit_cta_each_option":"","_lightning_design_setting":{"layout":"default","section_base":"default","header_trans":"default"},"header_top_description":""},"product_cat":[94,103,104,116],"product_tag":[96],"class_list":{"0":"post-5876","1":"product","2":"type-product","3":"status-publish","4":"has-post-thumbnail","6":"product_cat-shop-category-shield-box","7":"product_cat-shop-ferritic-absorber","8":"product_cat-shop-flat-tile-type","9":"product_cat-shop-category-large-size-type","10":"product_tag-tag-electromagnetic-anechoic-box-shield-box","12":"last","13":"instock","14":"shipping-taxable","15":"product-type-simple"},"veu_head_title_object":{"title":"","add_site_title":""},"_links":{"self":[{"href":"https:\/\/micronix-jp.com\/english\/wp-json\/wp\/v2\/product\/5876","targetHints":{"allow":["GET"]}}],"collection":[{"href":"https:\/\/micronix-jp.com\/english\/wp-json\/wp\/v2\/product"}],"about":[{"href":"https:\/\/micronix-jp.com\/english\/wp-json\/wp\/v2\/types\/product"}],"wp:featuredmedia":[{"embeddable":true,"href":"https:\/\/micronix-jp.com\/english\/wp-json\/wp\/v2\/media\/5946"}],"wp:attachment":[{"href":"https:\/\/micronix-jp.com\/english\/wp-json\/wp\/v2\/media?parent=5876"}],"wp:term":[{"taxonomy":"product_cat","embeddable":true,"href":"https:\/\/micronix-jp.com\/english\/wp-json\/wp\/v2\/product_cat?post=5876"},{"taxonomy":"product_tag","embeddable":true,"href":"https:\/\/micronix-jp.com\/english\/wp-json\/wp\/v2\/product_tag?post=5876"}],"curies":[{"name":"wp","href":"https:\/\/api.w.org\/{rel}","templated":true}]}}